{"id":40107,"date":"2025-03-28T15:52:43","date_gmt":"2025-03-28T14:52:43","guid":{"rendered":"https:\/\/www.nevomaskin.com\/about-us\/"},"modified":"2025-11-18T15:01:28","modified_gmt":"2025-11-18T14:01:28","slug":"about-us","status":"publish","type":"page","link":"https:\/\/www.nevomaskin.com\/en\/about-us\/","title":{"rendered":"About us"},"content":{"rendered":"\t\t<div data-elementor-type=\"wp-page\" data-elementor-id=\"40107\" class=\"elementor elementor-40107 elementor-34\" data-elementor-post-type=\"page\">\n\t\t\t\t<div class=\"elementor-element elementor-element-73f26a3 e-flex e-con-boxed e-con e-parent\" data-id=\"73f26a3\" data-element_type=\"container\" data-e-type=\"container\" data-settings=\"{&quot;background_background&quot;:&quot;classic&quot;}\">\n\t\t\t\t\t<div class=\"e-con-inner\">\n\t\t\t\t<div class=\"elementor-element elementor-element-ea4768f elementor-widget elementor-widget-woocommerce-breadcrumb\" data-id=\"ea4768f\" data-element_type=\"widget\" data-e-type=\"widget\" data-widget_type=\"woocommerce-breadcrumb.default\">\n\t\t\t\t<div class=\"elementor-widget-container\">\n\t\t\t\t\t<nav class=\"woocommerce-breadcrumb\" aria-label=\"Breadcrumb\">Home<\/nav>\t\t\t\t<\/div>\n\t\t\t\t<\/div>\n\t\t\t\t\t<\/div>\n\t\t\t\t<\/div>\n\t\t<div class=\"elementor-element elementor-element-5444132 e-flex e-con-boxed e-con e-parent\" data-id=\"5444132\" data-element_type=\"container\" data-e-type=\"container\" data-settings=\"{&quot;background_background&quot;:&quot;classic&quot;}\">\n\t\t\t\t\t<div class=\"e-con-inner\">\n\t\t<div class=\"elementor-element elementor-element-b9e541e e-con-full e-flex e-con e-child\" data-id=\"b9e541e\" data-element_type=\"container\" data-e-type=\"container\">\n\t\t\t\t<div class=\"elementor-element elementor-element-2635c80 elementor-widget elementor-widget-heading\" data-id=\"2635c80\" data-element_type=\"widget\" data-e-type=\"widget\" data-widget_type=\"heading.default\">\n\t\t\t\t<div class=\"elementor-widget-container\">\n\t\t\t\t\t<h1 class=\"elementor-heading-title elementor-size-default\">About NEVO<\/h1>\t\t\t\t<\/div>\n\t\t\t\t<\/div>\n\t\t\t\t<div class=\"elementor-element elementor-element-c014bbf elementor-widget elementor-widget-text-editor\" data-id=\"c014bbf\" data-element_type=\"widget\" data-e-type=\"widget\" data-widget_type=\"text-editor.default\">\n\t\t\t\t<div class=\"elementor-widget-container\">\n\t\t\t\t\t\t\t\t\t<p data-start=\"223\" data-end=\"497\">Nevo Maskin AB is a family-owned company in northern Swedem with over 30 years of experience in construction machinery. Since our start in 1991, we have helped companies across the Nordic region keep their machines running through a high level of service, technical expertise, and a genuine commitment to our customers.<\/p><h2 data-start=\"499\" data-end=\"555\"><strong data-start=\"502\" data-end=\"555\">Specialists in construction machinery and hydraulics<\/strong><\/h2><p data-start=\"557\" data-end=\"933\">We are experts in service, repairs, and spare parts for construction machinery, and we also offer manufacturing of hydraulic cylinders in all sizes \u2013 from small components to large, custom-built solutions. Our strength lies in our ability to solve problems. No matter the challenge, we find efficient and durable solutions that get your machine back up and running quickly and safely.  <\/p><h2 data-start=\"935\" data-end=\"998\"><strong data-start=\"938\" data-end=\"998\">Authorized dealers of leading machinery brands<\/strong><\/h2><p data-start=\"1000\" data-end=\"1279\">Since 2022, we have been authorized dealers of newly manufactured construction machinery from leading manufacturers such as Takeuchi via EMS, Hidromek, and Airman. Through this, we offer modern machines, high reliability, and solutions tailored to today&#8217;s demands within construction, industry, and infrastructure. <\/p><h2 data-start=\"1281\" data-end=\"1332\"><strong data-start=\"1284\" data-end=\"1332\">Strong spare parts inventory and fast deliveries<\/strong><\/h2><p data-start=\"1334\" data-end=\"1670\">We stock a wide range of spare parts for most machinery brands, including Volvo, Caterpillar, Komatsu, Hitachi, Kobelco, and Takeuchi. Through our global network, we can offer fast deliveries of both OEM parts and high-quality aftermarket products \u2013 minimizing downtime and increasing the efficiency of your machines. <\/p><h2 data-start=\"1672\" data-end=\"1712\"><strong data-start=\"1675\" data-end=\"1712\">The family business behind the success<\/strong><\/h2><p data-start=\"1714\" data-end=\"1997\">Nevo Maskin AB was founded by Sixten Niemel\u00e4 and is today run by his sons, Rickard Niemel\u00e4, CEO, and Niklas Niemel\u00e4, Purchasing &amp; Business Development. The company now consists of 20 dedicated employees who share the same goal: to provide machine owners in Sweden and the Nordic region with reliable, knowledgeable, and personal service. <\/p><h2 data-start=\"1999\" data-end=\"2025\"><strong data-start=\"2002\" data-end=\"2025\">Our promise to you<\/strong><\/h2><p data-start=\"2027\" data-end=\"2329\">With our long experience, deep technical expertise, and strong customer focus, we work every day to make life easier for those who own or operate construction machinery. With us, you get a partner who both knows and cares \u2013 and who always strives to deliver solutions that stand the test of time. <\/p>\t\t\t\t\t\t\t\t<\/div>\n\t\t\t\t<\/div>\n\t\t\t\t<\/div>\n\t\t<div class=\"elementor-element elementor-element-a3aa9ed e-con-full e-flex e-con e-child\" data-id=\"a3aa9ed\" data-element_type=\"container\" data-e-type=\"container\" data-settings=\"{&quot;background_background&quot;:&quot;video&quot;}\">\n\t\t\t\t<div class=\"elementor-element elementor-element-800a0fd elementor-widget elementor-widget-video\" data-id=\"800a0fd\" data-element_type=\"widget\" data-e-type=\"widget\" data-settings=\"{&quot;video_type&quot;:&quot;vimeo&quot;}\" data-widget_type=\"video.default\">\n\t\t\t\t<div class=\"elementor-widget-container\">\n\t\t\t\t\t\t\t<div class=\"elementor-wrapper elementor-open-inline\">\n\t\t\t<iframe class=\"elementor-video-iframe\" allowfullscreen allow=\"clipboard-write\" title=\"vimeo Video Player\" src=\"https:\/\/player.vimeo.com\/video\/1127205764?color&amp;autopause=0&amp;loop=0&amp;muted=0&amp;title=1&amp;portrait=1&amp;byline=1#t=\"><\/iframe>\t\t<\/div>\n\t\t\t\t\t\t<\/div>\n\t\t\t\t<\/div>\n\t\t\t\t<\/div>\n\t\t\t\t\t<\/div>\n\t\t\t\t<\/div>\n\t\t<div class=\"elementor-element elementor-element-8c91602 e-flex e-con-boxed e-con e-parent\" data-id=\"8c91602\" data-element_type=\"container\" data-e-type=\"container\" data-settings=\"{&quot;background_background&quot;:&quot;classic&quot;}\">\n\t\t\t\t\t<div class=\"e-con-inner\">\n\t\t<a class=\"elementor-element elementor-element-c47629f e-con-full e-flex e-con e-child\" data-id=\"c47629f\" data-element_type=\"container\" data-e-type=\"container\" href=\"https:\/\/nevomaskin.com\/om-oss\/one-stop-shop\/\">\n\t\t<div class=\"elementor-element elementor-element-4286881 e-grid e-con-full e-con e-child\" data-id=\"4286881\" data-element_type=\"container\" data-e-type=\"container\" data-settings=\"{&quot;background_background&quot;:&quot;classic&quot;}\">\n\t\t\t\t<div class=\"elementor-element elementor-element-75f877e elementor-widget elementor-widget-heading\" data-id=\"75f877e\" data-element_type=\"widget\" data-e-type=\"widget\" data-widget_type=\"heading.default\">\n\t\t\t\t<div class=\"elementor-widget-container\">\n\t\t\t\t\t<h2 class=\"elementor-heading-title elementor-size-default\">One Stop Shop<\/h2>\t\t\t\t<\/div>\n\t\t\t\t<\/div>\n\t\t\t\t<div class=\"elementor-element elementor-element-087d4e7 elementor-widget elementor-widget-image\" data-id=\"087d4e7\" data-element_type=\"widget\" data-e-type=\"widget\" data-widget_type=\"image.default\">\n\t\t\t\t<div class=\"elementor-widget-container\">\n\t\t\t\t\t\t\t\t\t\t\t\t\t\t\t<img fetchpriority=\"high\" decoding=\"async\" width=\"500\" height=\"451\" src=\"https:\/\/www.nevomaskin.com\/wp-content\/uploads\/2025\/10\/high-quality-1.png\" class=\"attachment-large size-large wp-image-34972\" alt=\"\" srcset=\"https:\/\/www.nevomaskin.com\/wp-content\/uploads\/2025\/10\/high-quality-1.png 500w, https:\/\/www.nevomaskin.com\/wp-content\/uploads\/2025\/10\/high-quality-1-300x271.png 300w\" sizes=\"(max-width: 500px) 100vw, 500px\" \/>\t\t\t\t\t\t\t\t\t\t\t\t\t\t\t<\/div>\n\t\t\t\t<\/div>\n\t\t\t\t<\/div>\n\t\t\t\t<\/a>\n\t\t<a class=\"elementor-element elementor-element-86e447f e-con-full e-flex e-con e-child\" data-id=\"86e447f\" data-element_type=\"container\" data-e-type=\"container\" data-settings=\"{&quot;background_background&quot;:&quot;classic&quot;}\" href=\"https:\/\/nevomaskin.com\/maskinforsaljning\/\">\n\t\t<div class=\"elementor-element elementor-element-782695e e-grid e-con-full e-con e-child\" data-id=\"782695e\" data-element_type=\"container\" data-e-type=\"container\" data-settings=\"{&quot;background_background&quot;:&quot;classic&quot;}\">\n\t\t\t\t<div class=\"elementor-element elementor-element-5d567d4 elementor-widget elementor-widget-heading\" data-id=\"5d567d4\" data-element_type=\"widget\" data-e-type=\"widget\" data-widget_type=\"heading.default\">\n\t\t\t\t<div class=\"elementor-widget-container\">\n\t\t\t\t\t<h2 class=\"elementor-heading-title elementor-size-default\">Maskinf\u00f6rs\u00e4ljning<\/h2>\t\t\t\t<\/div>\n\t\t\t\t<\/div>\n\t\t\t\t<\/div>\n\t\t\t\t<\/a>\n\t\t\t\t\t<\/div>\n\t\t\t\t<\/div>\n\t\t<div class=\"elementor-element elementor-element-23fa0b4 e-flex e-con-boxed e-con e-parent\" data-id=\"23fa0b4\" data-element_type=\"container\" data-e-type=\"container\" data-settings=\"{&quot;background_background&quot;:&quot;classic&quot;}\">\n\t\t\t\t\t<div class=\"e-con-inner\">\n\t\t<div class=\"elementor-element elementor-element-81bf383 e-con-full e-flex e-con e-child\" data-id=\"81bf383\" data-element_type=\"container\" data-e-type=\"container\">\n\t\t\t\t<div class=\"elementor-element elementor-element-d58f943 elementor-widget elementor-widget-heading\" data-id=\"d58f943\" data-element_type=\"widget\" data-e-type=\"widget\" data-widget_type=\"heading.default\">\n\t\t\t\t<div class=\"elementor-widget-container\">\n\t\t\t\t\t<h2 class=\"elementor-heading-title elementor-size-default\">Business concept<\/h2>\t\t\t\t<\/div>\n\t\t\t\t<\/div>\n\t\t\t\t<div class=\"elementor-element elementor-element-e0e8daa elementor-widget elementor-widget-text-editor\" data-id=\"e0e8daa\" data-element_type=\"widget\" data-e-type=\"widget\" data-widget_type=\"text-editor.default\">\n\t\t\t\t<div class=\"elementor-widget-container\">\n\t\t\t\t\t\t\t\t\t<p>Our business idea is to delight and help machine owners and contractors with spare parts and first-class service.<\/p>\n\t\t\t\t\t\t\t\t<\/div>\n\t\t\t\t<\/div>\n\t\t\t\t<div class=\"elementor-element elementor-element-749d59a elementor-widget elementor-widget-heading\" data-id=\"749d59a\" data-element_type=\"widget\" data-e-type=\"widget\" data-widget_type=\"heading.default\">\n\t\t\t\t<div class=\"elementor-widget-container\">\n\t\t\t\t\t<h2 class=\"elementor-heading-title elementor-size-default\">Vision<\/h2>\t\t\t\t<\/div>\n\t\t\t\t<\/div>\n\t\t\t\t<div class=\"elementor-element elementor-element-280a180 elementor-widget elementor-widget-text-editor\" data-id=\"280a180\" data-element_type=\"widget\" data-e-type=\"widget\" data-widget_type=\"text-editor.default\">\n\t\t\t\t<div class=\"elementor-widget-container\">\n\t\t\t\t\t\t\t\t\t<p>To be the supplier of choice for all machine owners and contractors.<\/p>\t\t\t\t\t\t\t\t<\/div>\n\t\t\t\t<\/div>\n\t\t\t\t<div class=\"elementor-element elementor-element-fe95291 elementor-widget elementor-widget-heading\" data-id=\"fe95291\" data-element_type=\"widget\" data-e-type=\"widget\" data-widget_type=\"heading.default\">\n\t\t\t\t<div class=\"elementor-widget-container\">\n\t\t\t\t\t<h2 class=\"elementor-heading-title elementor-size-default\">Core values<\/h2>\t\t\t\t<\/div>\n\t\t\t\t<\/div>\n\t\t\t\t<div class=\"elementor-element elementor-element-b87dfe2 elementor-widget elementor-widget-text-editor\" data-id=\"b87dfe2\" data-element_type=\"widget\" data-e-type=\"widget\" data-widget_type=\"text-editor.default\">\n\t\t\t\t<div class=\"elementor-widget-container\">\n\t\t\t\t\t\t\t\t\t<p><strong>Quality:<\/strong> &#8220;Thanks to our high level of expertise and careful choice of materials, we deliver the highest quality products and services, ensuring that our customers can rely on our solutions in all situations.&#8221;<br><strong>Responsibility:<\/strong> &#8220;Everyone takes personal responsibility for their work, the products we deliver, safety and the success of the company. We act quickly and proactively when problems arise.&#8221; <br><strong>Communication:<\/strong> &#8220;We have straightforward and clear communication, both internally and externally, where we are open and honest to build credibility and trust. We communicate with good tone and respect.&#8221; <br><strong>Service:<\/strong> &#8220;We deliver high and timely service to our customers in a professional manner.<br>Our high level of service aims to create profitability and exceed our customers&#8217; expectation.&#8221;<\/p>\t\t\t\t\t\t\t\t<\/div>\n\t\t\t\t<\/div>\n\t\t\t\t<\/div>\n\t\t<div class=\"elementor-element elementor-element-3dc1dd3 e-con-full e-flex e-con e-child\" data-id=\"3dc1dd3\" data-element_type=\"container\" data-e-type=\"container\">\n\t\t\t\t<\/div>\n\t\t\t\t\t<\/div>\n\t\t\t\t<\/div>\n\t\t<div class=\"elementor-element elementor-element-91a4688 e-flex e-con-boxed e-con e-parent\" data-id=\"91a4688\" data-element_type=\"container\" data-e-type=\"container\">\n\t\t\t\t\t<div class=\"e-con-inner\">\n\t\t\t\t<div class=\"elementor-element elementor-element-6acebc6 elementor-widget elementor-widget-heading\" data-id=\"6acebc6\" data-element_type=\"widget\" data-e-type=\"widget\" data-widget_type=\"heading.default\">\n\t\t\t\t<div class=\"elementor-widget-container\">\n\t\t\t\t\t<h2 class=\"elementor-heading-title elementor-size-default\">Latest news<\/h2>\t\t\t\t<\/div>\n\t\t\t\t<\/div>\n\t\t\t\t\t<\/div>\n\t\t\t\t<\/div>\n\t\t<div class=\"elementor-element elementor-element-3ebe7c87 e-flex e-con-boxed e-con e-parent\" data-id=\"3ebe7c87\" data-element_type=\"container\" data-e-type=\"container\">\n\t\t\t\t\t<div class=\"e-con-inner\">\n\t\t\t\t<div class=\"elementor-element elementor-element-22a846c4 elementor-button-warning elementor-align-center elementor-widget elementor-widget-global elementor-global-32475 elementor-widget-button\" data-id=\"22a846c4\" data-element_type=\"widget\" data-e-type=\"widget\" data-widget_type=\"button.default\">\n\t\t\t\t<div class=\"elementor-widget-container\">\n\t\t\t\t\t\t\t\t\t<div class=\"elementor-button-wrapper\">\n\t\t\t\t\t<a class=\"elementor-button elementor-button-link elementor-size-sm\" href=\"https:\/\/nevomaskin.com\/aktuellt\/\">\n\t\t\t\t\t\t<span class=\"elementor-button-content-wrapper\">\n\t\t\t\t\t\t\t\t\t<span class=\"elementor-button-text\">Fler inl\u00e4gg<\/span>\n\t\t\t\t\t<\/span>\n\t\t\t\t\t<\/a>\n\t\t\t\t<\/div>\n\t\t\t\t\t\t\t\t<\/div>\n\t\t\t\t<\/div>\n\t\t\t\t\t<\/div>\n\t\t\t\t<\/div>\n\t\t\t\t<\/div>\n\t\t","protected":false},"excerpt":{"rendered":"<p>About NEVO Nevo Maskin AB is a family-owned company in northern Swedem with over 30 years of experience in construction machinery. Since our start in 1991, we have helped companies across the Nordic region keep their machines running through a high level of service, technical expertise, and a genuine commitment to our customers. Specialists in [&hellip;]<\/p>\n","protected":false},"author":1,"featured_media":0,"parent":0,"menu_order":0,"comment_status":"closed","ping_status":"closed","template":"","meta":{"inline_featured_image":false,"footnotes":""},"class_list":["post-40107","page","type-page","status-publish","hentry"],"yoast_head":"<!-- This site is optimized with the Yoast SEO plugin v27.1.1 - https:\/\/yoast.com\/product\/yoast-seo-wordpress\/ -->\n<title>About us - Nevo Maskin<\/title>\n<meta name=\"description\" content=\"Discover Nevo Maskin - experts in machine rental and construction with a focus on quality, safety and customer satisfaction.\" \/>\n<meta name=\"robots\" content=\"index, follow, max-snippet:-1, max-image-preview:large, max-video-preview:-1\" \/>\n<link rel=\"canonical\" href=\"https:\/\/www.nevomaskin.com\/en\/about-us\/\" \/>\n<meta property=\"og:locale\" content=\"en_US\" \/>\n<meta property=\"og:type\" content=\"article\" \/>\n<meta property=\"og:title\" content=\"About us - Nevo Maskin\" \/>\n<meta property=\"og:description\" content=\"Discover Nevo Maskin - experts in machine rental and construction with a focus on quality, safety and customer satisfaction.\" \/>\n<meta property=\"og:url\" content=\"https:\/\/www.nevomaskin.com\/en\/about-us\/\" \/>\n<meta property=\"og:site_name\" content=\"Nevo Maskin\" \/>\n<meta property=\"article:publisher\" content=\"https:\/\/www.facebook.com\/Nevomaskin\" \/>\n<meta property=\"article:modified_time\" content=\"2025-11-18T14:01:28+00:00\" \/>\n<meta property=\"og:image\" content=\"https:\/\/www.nevomaskin.com\/wp-content\/uploads\/2025\/10\/high-quality-1.png\" \/>\n<meta name=\"twitter:card\" content=\"summary_large_image\" \/>\n<meta name=\"twitter:label1\" content=\"Est. reading time\" \/>\n\t<meta name=\"twitter:data1\" content=\"2 minutes\" \/>\n<script type=\"application\/ld+json\" class=\"yoast-schema-graph\">{\"@context\":\"https:\/\/schema.org\",\"@graph\":[{\"@type\":\"WebPage\",\"@id\":\"https:\/\/www.nevomaskin.com\/en\/about-us\/\",\"url\":\"https:\/\/www.nevomaskin.com\/en\/about-us\/\",\"name\":\"About us - Nevo Maskin\",\"isPartOf\":{\"@id\":\"https:\/\/www.nevomaskin.com\/en\/#website\"},\"primaryImageOfPage\":{\"@id\":\"https:\/\/www.nevomaskin.com\/en\/about-us\/#primaryimage\"},\"image\":{\"@id\":\"https:\/\/www.nevomaskin.com\/en\/about-us\/#primaryimage\"},\"thumbnailUrl\":\"https:\/\/www.nevomaskin.com\/wp-content\/uploads\/2025\/10\/high-quality-1.png\",\"datePublished\":\"2025-03-28T14:52:43+00:00\",\"dateModified\":\"2025-11-18T14:01:28+00:00\",\"description\":\"Discover Nevo Maskin - experts in machine rental and construction with a focus on quality, safety and customer satisfaction.\",\"breadcrumb\":{\"@id\":\"https:\/\/www.nevomaskin.com\/en\/about-us\/#breadcrumb\"},\"inLanguage\":\"en-US\",\"potentialAction\":[{\"@type\":\"ReadAction\",\"target\":[\"https:\/\/www.nevomaskin.com\/en\/about-us\/\"]}]},{\"@type\":\"ImageObject\",\"inLanguage\":\"en-US\",\"@id\":\"https:\/\/www.nevomaskin.com\/en\/about-us\/#primaryimage\",\"url\":\"https:\/\/www.nevomaskin.com\/wp-content\/uploads\/2025\/10\/high-quality-1.png\",\"contentUrl\":\"https:\/\/www.nevomaskin.com\/wp-content\/uploads\/2025\/10\/high-quality-1.png\"},{\"@type\":\"BreadcrumbList\",\"@id\":\"https:\/\/www.nevomaskin.com\/en\/about-us\/#breadcrumb\",\"itemListElement\":[{\"@type\":\"ListItem\",\"position\":1,\"name\":\"Hem\",\"item\":\"https:\/\/www.nevomaskin.com\/en\/\"},{\"@type\":\"ListItem\",\"position\":2,\"name\":\"About us\"}]},{\"@type\":\"WebSite\",\"@id\":\"https:\/\/www.nevomaskin.com\/en\/#website\",\"url\":\"https:\/\/www.nevomaskin.com\/en\/\",\"name\":\"Nevo Maskin\",\"description\":\"\",\"publisher\":{\"@id\":\"https:\/\/www.nevomaskin.com\/en\/#organization\"},\"potentialAction\":[{\"@type\":\"SearchAction\",\"target\":{\"@type\":\"EntryPoint\",\"urlTemplate\":\"https:\/\/www.nevomaskin.com\/en\/?s={search_term_string}\"},\"query-input\":{\"@type\":\"PropertyValueSpecification\",\"valueRequired\":true,\"valueName\":\"search_term_string\"}}],\"inLanguage\":\"en-US\"},{\"@type\":\"Organization\",\"@id\":\"https:\/\/www.nevomaskin.com\/en\/#organization\",\"name\":\"Nevo Maskin\",\"url\":\"https:\/\/www.nevomaskin.com\/en\/\",\"logo\":{\"@type\":\"ImageObject\",\"inLanguage\":\"en-US\",\"@id\":\"https:\/\/www.nevomaskin.com\/en\/#\/schema\/logo\/image\/\",\"url\":\"https:\/\/www.nevomaskin.com\/wp-content\/uploads\/2025\/08\/nevo-one-stop-shop.svg\",\"contentUrl\":\"https:\/\/www.nevomaskin.com\/wp-content\/uploads\/2025\/08\/nevo-one-stop-shop.svg\",\"width\":1366,\"height\":768,\"caption\":\"Nevo Maskin\"},\"image\":{\"@id\":\"https:\/\/www.nevomaskin.com\/en\/#\/schema\/logo\/image\/\"},\"sameAs\":[\"https:\/\/www.facebook.com\/Nevomaskin\",\"https:\/\/www.instagram.com\/nevomaskin\/\"]}]}<\/script>\n<!-- \/ Yoast SEO plugin. -->","yoast_head_json":{"title":"About us - Nevo Maskin","description":"Discover Nevo Maskin - experts in machine rental and construction with a focus on quality, safety and customer satisfaction.","robots":{"index":"index","follow":"follow","max-snippet":"max-snippet:-1","max-image-preview":"max-image-preview:large","max-video-preview":"max-video-preview:-1"},"canonical":"https:\/\/www.nevomaskin.com\/en\/about-us\/","og_locale":"en_US","og_type":"article","og_title":"About us - Nevo Maskin","og_description":"Discover Nevo Maskin - experts in machine rental and construction with a focus on quality, safety and customer satisfaction.","og_url":"https:\/\/www.nevomaskin.com\/en\/about-us\/","og_site_name":"Nevo Maskin","article_publisher":"https:\/\/www.facebook.com\/Nevomaskin","article_modified_time":"2025-11-18T14:01:28+00:00","og_image":[{"url":"https:\/\/www.nevomaskin.com\/wp-content\/uploads\/2025\/10\/high-quality-1.png","type":"","width":"","height":""}],"twitter_card":"summary_large_image","twitter_misc":{"Est. reading time":"2 minutes"},"schema":{"@context":"https:\/\/schema.org","@graph":[{"@type":"WebPage","@id":"https:\/\/www.nevomaskin.com\/en\/about-us\/","url":"https:\/\/www.nevomaskin.com\/en\/about-us\/","name":"About us - Nevo Maskin","isPartOf":{"@id":"https:\/\/www.nevomaskin.com\/en\/#website"},"primaryImageOfPage":{"@id":"https:\/\/www.nevomaskin.com\/en\/about-us\/#primaryimage"},"image":{"@id":"https:\/\/www.nevomaskin.com\/en\/about-us\/#primaryimage"},"thumbnailUrl":"https:\/\/www.nevomaskin.com\/wp-content\/uploads\/2025\/10\/high-quality-1.png","datePublished":"2025-03-28T14:52:43+00:00","dateModified":"2025-11-18T14:01:28+00:00","description":"Discover Nevo Maskin - experts in machine rental and construction with a focus on quality, safety and customer satisfaction.","breadcrumb":{"@id":"https:\/\/www.nevomaskin.com\/en\/about-us\/#breadcrumb"},"inLanguage":"en-US","potentialAction":[{"@type":"ReadAction","target":["https:\/\/www.nevomaskin.com\/en\/about-us\/"]}]},{"@type":"ImageObject","inLanguage":"en-US","@id":"https:\/\/www.nevomaskin.com\/en\/about-us\/#primaryimage","url":"https:\/\/www.nevomaskin.com\/wp-content\/uploads\/2025\/10\/high-quality-1.png","contentUrl":"https:\/\/www.nevomaskin.com\/wp-content\/uploads\/2025\/10\/high-quality-1.png"},{"@type":"BreadcrumbList","@id":"https:\/\/www.nevomaskin.com\/en\/about-us\/#breadcrumb","itemListElement":[{"@type":"ListItem","position":1,"name":"Hem","item":"https:\/\/www.nevomaskin.com\/en\/"},{"@type":"ListItem","position":2,"name":"About us"}]},{"@type":"WebSite","@id":"https:\/\/www.nevomaskin.com\/en\/#website","url":"https:\/\/www.nevomaskin.com\/en\/","name":"Nevo Maskin","description":"","publisher":{"@id":"https:\/\/www.nevomaskin.com\/en\/#organization"},"potentialAction":[{"@type":"SearchAction","target":{"@type":"EntryPoint","urlTemplate":"https:\/\/www.nevomaskin.com\/en\/?s={search_term_string}"},"query-input":{"@type":"PropertyValueSpecification","valueRequired":true,"valueName":"search_term_string"}}],"inLanguage":"en-US"},{"@type":"Organization","@id":"https:\/\/www.nevomaskin.com\/en\/#organization","name":"Nevo Maskin","url":"https:\/\/www.nevomaskin.com\/en\/","logo":{"@type":"ImageObject","inLanguage":"en-US","@id":"https:\/\/www.nevomaskin.com\/en\/#\/schema\/logo\/image\/","url":"https:\/\/www.nevomaskin.com\/wp-content\/uploads\/2025\/08\/nevo-one-stop-shop.svg","contentUrl":"https:\/\/www.nevomaskin.com\/wp-content\/uploads\/2025\/08\/nevo-one-stop-shop.svg","width":1366,"height":768,"caption":"Nevo Maskin"},"image":{"@id":"https:\/\/www.nevomaskin.com\/en\/#\/schema\/logo\/image\/"},"sameAs":["https:\/\/www.facebook.com\/Nevomaskin","https:\/\/www.instagram.com\/nevomaskin\/"]}]}},"_links":{"self":[{"href":"https:\/\/www.nevomaskin.com\/en\/wp-json\/wp\/v2\/pages\/40107","targetHints":{"allow":["GET"]}}],"collection":[{"href":"https:\/\/www.nevomaskin.com\/en\/wp-json\/wp\/v2\/pages"}],"about":[{"href":"https:\/\/www.nevomaskin.com\/en\/wp-json\/wp\/v2\/types\/page"}],"author":[{"embeddable":true,"href":"https:\/\/www.nevomaskin.com\/en\/wp-json\/wp\/v2\/users\/1"}],"replies":[{"embeddable":true,"href":"https:\/\/www.nevomaskin.com\/en\/wp-json\/wp\/v2\/comments?post=40107"}],"version-history":[{"count":5,"href":"https:\/\/www.nevomaskin.com\/en\/wp-json\/wp\/v2\/pages\/40107\/revisions"}],"predecessor-version":[{"id":40910,"href":"https:\/\/www.nevomaskin.com\/en\/wp-json\/wp\/v2\/pages\/40107\/revisions\/40910"}],"wp:attachment":[{"href":"https:\/\/www.nevomaskin.com\/en\/wp-json\/wp\/v2\/media?parent=40107"}],"curies":[{"name":"wp","href":"https:\/\/api.w.org\/{rel}","templated":true}]}}